{"id":2212,"date":"2023-06-14T22:03:11","date_gmt":"2023-06-14T22:03:11","guid":{"rendered":"https:\/\/caminandesagencia.com\/contacto\/"},"modified":"2024-12-20T18:27:55","modified_gmt":"2024-12-20T18:27:55","slug":"contacto","status":"publish","type":"page","link":"https:\/\/caminandesagencia.simediadigital.com\/pt-br\/contacto\/","title":{"rendered":"Contacto"},"content":{"rendered":"\t\t<div data-elementor-type=\"wp-page\" data-elementor-id=\"2212\" class=\"elementor elementor-2212 elementor-408\" data-elementor-post-type=\"page\">\n\t\t\t\t\t\t<section class=\"elementor-section elementor-top-section elementor-element elementor-element-b8a653d elementor-section-height-min-height elementor-section-boxed elementor-section-height-default elementor-section-items-middle\" data-id=\"b8a653d\" data-element_type=\"section\" data-e-type=\"section\" data-settings=\"{&quot;background_background&quot;:&quot;classic&quot;}\">\n\t\t\t\t\t\t\t<div class=\"elementor-background-overlay\"><\/div>\n\t\t\t\t\t\t\t<div class=\"elementor-container elementor-column-gap-default\">\n\t\t\t\t\t<div class=\"elementor-column elementor-col-100 elementor-top-column elementor-element elementor-element-f319a58\" data-id=\"f319a58\" data-element_type=\"column\" data-e-type=\"column\">\n\t\t\t<div class=\"elementor-widget-wrap elementor-element-populated\">\n\t\t\t\t\t\t<div class=\"elementor-element elementor-element-0891558 elementor-widget elementor-widget-heading\" data-id=\"0891558\" data-element_type=\"widget\" data-e-type=\"widget\" data-widget_type=\"heading.default\">\n\t\t\t\t<div class=\"elementor-widget-container\">\n\t\t\t\t\t<h1 class=\"elementor-heading-title elementor-size-default\">Contacte-nos em<\/h1>\t\t\t\t<\/div>\n\t\t\t\t<\/div>\n\t\t\t\t\t<\/div>\n\t\t<\/div>\n\t\t\t\t\t<\/div>\n\t\t<\/section>\n\t\t\t\t<section class=\"elementor-section elementor-top-section elementor-element elementor-element-9b51adf elementor-section-boxed elementor-section-height-default elementor-section-height-default\" data-id=\"9b51adf\" data-element_type=\"section\" data-e-type=\"section\">\n\t\t\t\t\t\t<div class=\"elementor-container elementor-column-gap-default\">\n\t\t\t\t\t<div class=\"elementor-column elementor-col-100 elementor-top-column elementor-element elementor-element-3b786c6\" data-id=\"3b786c6\" data-element_type=\"column\" data-e-type=\"column\">\n\t\t\t<div class=\"elementor-widget-wrap elementor-element-populated\">\n\t\t\t\t\t\t<div class=\"elementor-element elementor-element-091057a elementor-widget elementor-widget-text-editor\" data-id=\"091057a\" data-element_type=\"widget\" data-e-type=\"widget\" data-widget_type=\"text-editor.default\">\n\t\t\t\t<div class=\"elementor-widget-container\">\n\t\t\t\t\t\t\t\t\t<p>Descubra os nossos dados de contacto para CaminAndes ou preencha o formul\u00e1rio e n\u00f3s entraremos em contacto consigo! <\/p>\n\t\t\t\t\t\t\t\t<\/div>\n\t\t\t\t<\/div>\n\t\t\t\t<div class=\"elementor-element elementor-element-f3d7213 elementor-widget elementor-widget-heading\" data-id=\"f3d7213\" data-element_type=\"widget\" data-e-type=\"widget\" data-widget_type=\"heading.default\">\n\t\t\t\t<div class=\"elementor-widget-container\">\n\t\t\t\t\t<h2 class=\"elementor-heading-title elementor-size-default\">Formul\u00e1rio<\/h2>\t\t\t\t<\/div>\n\t\t\t\t<\/div>\n\t\t\t\t<div class=\"elementor-element elementor-element-0a85491 elementor-button-align-stretch elementor-widget elementor-widget-form\" data-id=\"0a85491\" data-element_type=\"widget\" data-e-type=\"widget\" data-settings=\"{&quot;step_next_label&quot;:&quot;Pr\\u00f3ximo&quot;,&quot;step_previous_label&quot;:&quot;Anterior&quot;,&quot;button_width&quot;:&quot;100&quot;,&quot;step_type&quot;:&quot;number_text&quot;,&quot;step_icon_shape&quot;:&quot;circle&quot;}\" data-widget_type=\"form.default\">\n\t\t\t\t<div class=\"elementor-widget-container\">\n\t\t\t\t\t\t\t<form class=\"elementor-form\" method=\"post\" name=\"Contacto\" aria-label=\"Contacto\">\n\t\t\t<input type=\"hidden\" name=\"post_id\" value=\"2212\"\/>\n\t\t\t<input type=\"hidden\" name=\"form_id\" value=\"0a85491\"\/>\n\t\t\t<input type=\"hidden\" name=\"referer_title\" value=\"Caminandes\" \/>\n\n\t\t\t\n\t\t\t<div class=\"elementor-form-fields-wrapper elementor-labels-\">\n\t\t\t\t\t\t\t\t<div class=\"elementor-field-type-text elementor-field-group elementor-column elementor-field-group-name elementor-col-100 elementor-field-required\">\n\t\t\t\t\t\t\t\t\t\t\t\t<label for=\"form-field-name\" class=\"elementor-field-label elementor-screen-only\">\n\t\t\t\t\t\t\t\tNome\t\t\t\t\t\t\t<\/label>\n\t\t\t\t\t\t\t\t\t\t\t\t\t\t<input size=\"1\" type=\"text\" name=\"form_fields[name]\" id=\"form-field-name\" class=\"elementor-field elementor-size-sm  elementor-field-textual\" placeholder=\"Nome\" required=\"required\">\n\t\t\t\t\t\t\t\t\t\t\t<\/div>\n\t\t\t\t\t\t\t\t<div class=\"elementor-field-type-tel elementor-field-group elementor-column elementor-field-group-tel elementor-col-100 elementor-field-required\">\n\t\t\t\t\t\t\t\t\t\t\t\t<label for=\"form-field-tel\" class=\"elementor-field-label elementor-screen-only\">\n\t\t\t\t\t\t\t\tTelefone\t\t\t\t\t\t\t<\/label>\n\t\t\t\t\t\t\t\t<input size=\"1\" type=\"tel\" name=\"form_fields[tel]\" id=\"form-field-tel\" class=\"elementor-field elementor-size-sm  elementor-field-textual\" placeholder=\"Telefone\" required=\"required\" pattern=\"[0-9()#&amp;+*-=.]+\" title=\"Apenas n\u00fameros e caracteres de telefone (#, -, *, etc.) s\u00e3o aceitos.\">\n\n\t\t\t\t\t\t<\/div>\n\t\t\t\t\t\t\t\t<div class=\"elementor-field-type-email elementor-field-group elementor-column elementor-field-group-email elementor-col-100 elementor-field-required\">\n\t\t\t\t\t\t\t\t\t\t\t\t<label for=\"form-field-email\" class=\"elementor-field-label elementor-screen-only\">\n\t\t\t\t\t\t\t\tE-mail\t\t\t\t\t\t\t<\/label>\n\t\t\t\t\t\t\t\t\t\t\t\t\t\t<input size=\"1\" type=\"email\" name=\"form_fields[email]\" id=\"form-field-email\" class=\"elementor-field elementor-size-sm  elementor-field-textual\" placeholder=\"E-mail\" required=\"required\">\n\t\t\t\t\t\t\t\t\t\t\t<\/div>\n\t\t\t\t\t\t\t\t<div class=\"elementor-field-type-text elementor-field-group elementor-column elementor-field-group-field_fc7eeab elementor-col-100 elementor-field-required\">\n\t\t\t\t\t\t\t\t\t\t\t\t<label for=\"form-field-field_fc7eeab\" class=\"elementor-field-label elementor-screen-only\">\n\t\t\t\t\t\t\t\tAssunto\t\t\t\t\t\t\t<\/label>\n\t\t\t\t\t\t\t\t\t\t\t\t\t\t<input size=\"1\" type=\"text\" name=\"form_fields[field_fc7eeab]\" id=\"form-field-field_fc7eeab\" class=\"elementor-field elementor-size-sm  elementor-field-textual\" placeholder=\"Assunto\" required=\"required\">\n\t\t\t\t\t\t\t\t\t\t\t<\/div>\n\t\t\t\t\t\t\t\t<div class=\"elementor-field-type-textarea elementor-field-group elementor-column elementor-field-group-message elementor-col-100 elementor-field-required\">\n\t\t\t\t\t\t\t\t\t\t\t\t<label for=\"form-field-message\" class=\"elementor-field-label elementor-screen-only\">\n\t\t\t\t\t\t\t\tMensagem\t\t\t\t\t\t\t<\/label>\n\t\t\t\t\t\t<textarea class=\"elementor-field-textual elementor-field  elementor-size-sm\" name=\"form_fields[message]\" id=\"form-field-message\" rows=\"6\" placeholder=\"Mensagem\" required=\"required\"><\/textarea>\t\t\t\t<\/div>\n\t\t\t\t\t\t\t\t<div class=\"elementor-field-group elementor-column elementor-field-type-submit elementor-col-100 e-form__buttons\">\n\t\t\t\t\t<button class=\"elementor-button elementor-size-sm\" type=\"submit\">\n\t\t\t\t\t\t<span class=\"elementor-button-content-wrapper\">\n\t\t\t\t\t\t\t\t\t\t\t\t\t\t\t\t\t\t\t\t\t\t<span class=\"elementor-button-text\">ENVIAR<\/span>\n\t\t\t\t\t\t\t\t\t\t\t\t\t<\/span>\n\t\t\t\t\t<\/button>\n\t\t\t\t<\/div>\n\t\t\t<\/div>\n\t\t<\/form>\n\t\t\t\t\t\t<\/div>\n\t\t\t\t<\/div>\n\t\t\t\t\t<\/div>\n\t\t<\/div>\n\t\t\t\t\t<\/div>\n\t\t<\/section>\n\t\t\t\t<\/div>\n\t\t","protected":false},"excerpt":{"rendered":"<p>Contacte-nos em Descubra os nossos dados de contacto para CaminAndes ou preencha o formul\u00e1rio e n\u00f3s entraremos em contacto consigo! Formul\u00e1rio<\/p>\n","protected":false},"author":12,"featured_media":0,"parent":0,"menu_order":0,"comment_status":"closed","ping_status":"closed","template":"elementor_header_footer","meta":{"_acf_changed":false,"content-type":"","_joinchat":[],"footnotes":""},"class_list":["post-2212","page","type-page","status-publish"],"acf":[],"yoast_head":"<!-- This site is optimized with the Yoast SEO plugin v27.6 - https:\/\/yoast.com\/product\/yoast-seo-wordpress\/ -->\n<title>Contacto - Caminandes<\/title>\n<meta name=\"robots\" content=\"index, follow, max-snippet:-1, max-image-preview:large, max-video-preview:-1\" \/>\n<link rel=\"canonical\" href=\"https:\/\/caminandesagencia.simediadigital.com\/contacto\/\" \/>\n<meta property=\"og:locale\" content=\"pt_BR\" \/>\n<meta property=\"og:type\" content=\"article\" \/>\n<meta property=\"og:title\" content=\"Contacto - Caminandes\" \/>\n<meta property=\"og:description\" content=\"Contacte-nos em Descubra os nossos dados de contacto para CaminAndes ou preencha o formul\u00e1rio e n\u00f3s entraremos em contacto consigo! Formul\u00e1rio\" \/>\n<meta property=\"og:url\" content=\"https:\/\/caminandesagencia.simediadigital.com\/contacto\/\" \/>\n<meta property=\"og:site_name\" content=\"Caminandes\" \/>\n<meta property=\"article:modified_time\" content=\"2024-12-20T18:27:55+00:00\" \/>\n<meta name=\"twitter:card\" content=\"summary_large_image\" \/>\n<meta name=\"twitter:label1\" content=\"Est. tempo de leitura\" \/>\n\t<meta name=\"twitter:data1\" content=\"1 minuto\" \/>\n<script type=\"application\/ld+json\" class=\"yoast-schema-graph\">{\"@context\":\"https:\\\/\\\/schema.org\",\"@graph\":[{\"@type\":\"WebPage\",\"@id\":\"https:\\\/\\\/caminandesagencia.simediadigital.com\\\/contacto\\\/\",\"url\":\"https:\\\/\\\/caminandesagencia.simediadigital.com\\\/contacto\\\/\",\"name\":\"Contacto - Caminandes\",\"isPartOf\":{\"@id\":\"https:\\\/\\\/caminandesagencia.simediadigital.com\\\/#website\"},\"datePublished\":\"2023-06-14T22:03:11+00:00\",\"dateModified\":\"2024-12-20T18:27:55+00:00\",\"breadcrumb\":{\"@id\":\"https:\\\/\\\/caminandesagencia.simediadigital.com\\\/contacto\\\/#breadcrumb\"},\"inLanguage\":\"pt-BR\",\"potentialAction\":[{\"@type\":\"ReadAction\",\"target\":[\"https:\\\/\\\/caminandesagencia.simediadigital.com\\\/contacto\\\/\"]}]},{\"@type\":\"BreadcrumbList\",\"@id\":\"https:\\\/\\\/caminandesagencia.simediadigital.com\\\/contacto\\\/#breadcrumb\",\"itemListElement\":[{\"@type\":\"ListItem\",\"position\":1,\"name\":\"Portada\",\"item\":\"https:\\\/\\\/caminandesagencia.simediadigital.com\\\/pt-br\\\/\"},{\"@type\":\"ListItem\",\"position\":2,\"name\":\"Contacto\"}]},{\"@type\":\"WebSite\",\"@id\":\"https:\\\/\\\/caminandesagencia.simediadigital.com\\\/#website\",\"url\":\"https:\\\/\\\/caminandesagencia.simediadigital.com\\\/\",\"name\":\"Caminandes\",\"description\":\"Agencia tur\u00edstica\",\"publisher\":{\"@id\":\"https:\\\/\\\/caminandesagencia.simediadigital.com\\\/#organization\"},\"potentialAction\":[{\"@type\":\"SearchAction\",\"target\":{\"@type\":\"EntryPoint\",\"urlTemplate\":\"https:\\\/\\\/caminandesagencia.simediadigital.com\\\/?s={search_term_string}\"},\"query-input\":{\"@type\":\"PropertyValueSpecification\",\"valueRequired\":true,\"valueName\":\"search_term_string\"}}],\"inLanguage\":\"pt-BR\"},{\"@type\":\"Organization\",\"@id\":\"https:\\\/\\\/caminandesagencia.simediadigital.com\\\/#organization\",\"name\":\"Caminandes\",\"url\":\"https:\\\/\\\/caminandesagencia.simediadigital.com\\\/\",\"logo\":{\"@type\":\"ImageObject\",\"inLanguage\":\"pt-BR\",\"@id\":\"https:\\\/\\\/caminandesagencia.simediadigital.com\\\/#\\\/schema\\\/logo\\\/image\\\/\",\"url\":\"https:\\\/\\\/caminandesagencia.simediadigital.com\\\/wp-content\\\/uploads\\\/2023\\\/05\\\/en-e1731432722809.png\",\"contentUrl\":\"https:\\\/\\\/caminandesagencia.simediadigital.com\\\/wp-content\\\/uploads\\\/2023\\\/05\\\/en-e1731432722809.png\",\"width\":1791,\"height\":693,\"caption\":\"Caminandes\"},\"image\":{\"@id\":\"https:\\\/\\\/caminandesagencia.simediadigital.com\\\/#\\\/schema\\\/logo\\\/image\\\/\"}}]}<\/script>\n<!-- \/ Yoast SEO plugin. -->","yoast_head_json":{"title":"Contacto - Caminandes","robots":{"index":"index","follow":"follow","max-snippet":"max-snippet:-1","max-image-preview":"max-image-preview:large","max-video-preview":"max-video-preview:-1"},"canonical":"https:\/\/caminandesagencia.simediadigital.com\/contacto\/","og_locale":"pt_BR","og_type":"article","og_title":"Contacto - Caminandes","og_description":"Contacte-nos em Descubra os nossos dados de contacto para CaminAndes ou preencha o formul\u00e1rio e n\u00f3s entraremos em contacto consigo! Formul\u00e1rio","og_url":"https:\/\/caminandesagencia.simediadigital.com\/contacto\/","og_site_name":"Caminandes","article_modified_time":"2024-12-20T18:27:55+00:00","twitter_card":"summary_large_image","twitter_misc":{"Est. tempo de leitura":"1 minuto"},"schema":{"@context":"https:\/\/schema.org","@graph":[{"@type":"WebPage","@id":"https:\/\/caminandesagencia.simediadigital.com\/contacto\/","url":"https:\/\/caminandesagencia.simediadigital.com\/contacto\/","name":"Contacto - Caminandes","isPartOf":{"@id":"https:\/\/caminandesagencia.simediadigital.com\/#website"},"datePublished":"2023-06-14T22:03:11+00:00","dateModified":"2024-12-20T18:27:55+00:00","breadcrumb":{"@id":"https:\/\/caminandesagencia.simediadigital.com\/contacto\/#breadcrumb"},"inLanguage":"pt-BR","potentialAction":[{"@type":"ReadAction","target":["https:\/\/caminandesagencia.simediadigital.com\/contacto\/"]}]},{"@type":"BreadcrumbList","@id":"https:\/\/caminandesagencia.simediadigital.com\/contacto\/#breadcrumb","itemListElement":[{"@type":"ListItem","position":1,"name":"Portada","item":"https:\/\/caminandesagencia.simediadigital.com\/pt-br\/"},{"@type":"ListItem","position":2,"name":"Contacto"}]},{"@type":"WebSite","@id":"https:\/\/caminandesagencia.simediadigital.com\/#website","url":"https:\/\/caminandesagencia.simediadigital.com\/","name":"Caminandes","description":"Agencia tur\u00edstica","publisher":{"@id":"https:\/\/caminandesagencia.simediadigital.com\/#organization"},"potentialAction":[{"@type":"SearchAction","target":{"@type":"EntryPoint","urlTemplate":"https:\/\/caminandesagencia.simediadigital.com\/?s={search_term_string}"},"query-input":{"@type":"PropertyValueSpecification","valueRequired":true,"valueName":"search_term_string"}}],"inLanguage":"pt-BR"},{"@type":"Organization","@id":"https:\/\/caminandesagencia.simediadigital.com\/#organization","name":"Caminandes","url":"https:\/\/caminandesagencia.simediadigital.com\/","logo":{"@type":"ImageObject","inLanguage":"pt-BR","@id":"https:\/\/caminandesagencia.simediadigital.com\/#\/schema\/logo\/image\/","url":"https:\/\/caminandesagencia.simediadigital.com\/wp-content\/uploads\/2023\/05\/en-e1731432722809.png","contentUrl":"https:\/\/caminandesagencia.simediadigital.com\/wp-content\/uploads\/2023\/05\/en-e1731432722809.png","width":1791,"height":693,"caption":"Caminandes"},"image":{"@id":"https:\/\/caminandesagencia.simediadigital.com\/#\/schema\/logo\/image\/"}}]}},"_links":{"self":[{"href":"https:\/\/caminandesagencia.simediadigital.com\/pt-br\/wp-json\/wp\/v2\/pages\/2212","targetHints":{"allow":["GET"]}}],"collection":[{"href":"https:\/\/caminandesagencia.simediadigital.com\/pt-br\/wp-json\/wp\/v2\/pages"}],"about":[{"href":"https:\/\/caminandesagencia.simediadigital.com\/pt-br\/wp-json\/wp\/v2\/types\/page"}],"author":[{"embeddable":true,"href":"https:\/\/caminandesagencia.simediadigital.com\/pt-br\/wp-json\/wp\/v2\/users\/12"}],"replies":[{"embeddable":true,"href":"https:\/\/caminandesagencia.simediadigital.com\/pt-br\/wp-json\/wp\/v2\/comments?post=2212"}],"version-history":[{"count":5,"href":"https:\/\/caminandesagencia.simediadigital.com\/pt-br\/wp-json\/wp\/v2\/pages\/2212\/revisions"}],"predecessor-version":[{"id":6446,"href":"https:\/\/caminandesagencia.simediadigital.com\/pt-br\/wp-json\/wp\/v2\/pages\/2212\/revisions\/6446"}],"wp:attachment":[{"href":"https:\/\/caminandesagencia.simediadigital.com\/pt-br\/wp-json\/wp\/v2\/media?parent=2212"}],"curies":[{"name":"wp","href":"https:\/\/api.w.org\/{rel}","templated":true}]}}