{"id":5737,"date":"2024-08-26T16:04:04","date_gmt":"2024-08-26T16:04:04","guid":{"rendered":"https:\/\/caminandesagencia.com\/inicio-2\/"},"modified":"2024-12-06T15:38:58","modified_gmt":"2024-12-06T15:38:58","slug":"inicio-2","status":"publish","type":"page","link":"https:\/\/caminandesagencia.simediadigital.com\/pt-br\/inicio-2\/","title":{"rendered":"In\u00edcio"},"content":{"rendered":"\t\t<div data-elementor-type=\"wp-page\" data-elementor-id=\"5737\" class=\"elementor elementor-5737 elementor-3002\" data-elementor-post-type=\"page\">\n\t\t\t\t\t\t<section class=\"elementor-section elementor-top-section elementor-element elementor-element-8b1c24d elementor-section-full_width elementor-section-height-full elementor-section-items-stretch elementor-section-height-default\" data-id=\"8b1c24d\" data-element_type=\"section\" data-e-type=\"section\">\n\t\t\t\t\t\t<div class=\"elementor-container elementor-column-gap-default\">\n\t\t\t\t\t<div class=\"elementor-column elementor-col-50 elementor-top-column elementor-element elementor-element-0917849\" data-id=\"0917849\" data-element_type=\"column\" data-e-type=\"column\" data-settings=\"{&quot;background_background&quot;:&quot;classic&quot;}\">\n\t\t\t<div class=\"elementor-widget-wrap elementor-element-populated\">\n\t\t\t\t\t<div class=\"elementor-background-overlay\"><\/div>\n\t\t\t\t\t\t<section class=\"elementor-section elementor-inner-section elementor-element elementor-element-63575b4 elementor-section-height-min-height elementor-section-content-space-between elementor-section-boxed elementor-section-height-default\" data-id=\"63575b4\" data-element_type=\"section\" data-e-type=\"section\">\n\t\t\t\t\t\t<div class=\"elementor-container elementor-column-gap-default\">\n\t\t\t\t\t<div class=\"elementor-column elementor-col-100 elementor-inner-column elementor-element elementor-element-9b7c15e\" data-id=\"9b7c15e\" data-element_type=\"column\" data-e-type=\"column\">\n\t\t\t<div class=\"elementor-widget-wrap elementor-element-populated\">\n\t\t\t\t\t\t<section class=\"elementor-section elementor-inner-section elementor-element elementor-element-3688cf9 elementor-section-boxed elementor-section-height-default elementor-section-height-default\" data-id=\"3688cf9\" data-element_type=\"section\" data-e-type=\"section\">\n\t\t\t\t\t\t<div class=\"elementor-container elementor-column-gap-default\">\n\t\t\t\t\t<div class=\"elementor-column elementor-col-100 elementor-inner-column elementor-element elementor-element-35af313\" data-id=\"35af313\" data-element_type=\"column\" data-e-type=\"column\">\n\t\t\t<div class=\"elementor-widget-wrap elementor-element-populated\">\n\t\t\t\t\t\t<div class=\"elementor-element elementor-element-bd82557 elementor-widget elementor-widget-spacer\" data-id=\"bd82557\" data-element_type=\"widget\" data-e-type=\"widget\" data-widget_type=\"spacer.default\">\n\t\t\t\t<div class=\"elementor-widget-container\">\n\t\t\t\t\t\t\t<div class=\"elementor-spacer\">\n\t\t\t<div class=\"elementor-spacer-inner\"><\/div>\n\t\t<\/div>\n\t\t\t\t\t\t<\/div>\n\t\t\t\t<\/div>\n\t\t\t\t<div class=\"elementor-element elementor-element-989fa02 elementor-widget elementor-widget-heading\" data-id=\"989fa02\" data-element_type=\"widget\" data-e-type=\"widget\" data-widget_type=\"heading.default\">\n\t\t\t\t<div class=\"elementor-widget-container\">\n\t\t\t\t\t<h2 class=\"elementor-heading-title elementor-size-default\">Passeios em Santiago<\/h2>\t\t\t\t<\/div>\n\t\t\t\t<\/div>\n\t\t\t\t\t<\/div>\n\t\t<\/div>\n\t\t\t\t\t<\/div>\n\t\t<\/section>\n\t\t\t\t<div class=\"elementor-element elementor-element-4f9d44d elementor-align-center elementor-widget-mobile__width-initial elementor-widget elementor-widget-button\" data-id=\"4f9d44d\" data-element_type=\"widget\" data-e-type=\"widget\" data-widget_type=\"button.default\">\n\t\t\t\t<div class=\"elementor-widget-container\">\n\t\t\t\t\t\t\t\t\t<div class=\"elementor-button-wrapper\">\n\t\t\t\t\t<a class=\"elementor-button elementor-button-link elementor-size-sm\" href=\"https:\/\/caminandesagencia.simediadigital.com\/pt-br\/passeios-em-santiago\/\">\n\t\t\t\t\t\t<span class=\"elementor-button-content-wrapper\">\n\t\t\t\t\t\t\t\t\t<span class=\"elementor-button-text\">VEJA MAIS<\/span>\n\t\t\t\t\t<\/span>\n\t\t\t\t\t<\/a>\n\t\t\t\t<\/div>\n\t\t\t\t\t\t\t\t<\/div>\n\t\t\t\t<\/div>\n\t\t\t\t<section class=\"elementor-section elementor-inner-section elementor-element elementor-element-4bed1d3 elementor-section-boxed elementor-section-height-default elementor-section-height-default\" data-id=\"4bed1d3\" data-element_type=\"section\" data-e-type=\"section\">\n\t\t\t\t\t\t<div class=\"elementor-container elementor-column-gap-default\">\n\t\t\t\t\t<div class=\"elementor-column elementor-col-100 elementor-inner-column elementor-element elementor-element-4a81789\" data-id=\"4a81789\" data-element_type=\"column\" data-e-type=\"column\">\n\t\t\t<div class=\"elementor-widget-wrap\">\n\t\t\t\t\t\t\t<\/div>\n\t\t<\/div>\n\t\t\t\t\t<\/div>\n\t\t<\/section>\n\t\t\t\t\t<\/div>\n\t\t<\/div>\n\t\t\t\t\t<\/div>\n\t\t<\/section>\n\t\t\t\t\t<\/div>\n\t\t<\/div>\n\t\t\t\t<div class=\"elementor-column elementor-col-50 elementor-top-column elementor-element elementor-element-b4a49fb\" data-id=\"b4a49fb\" data-element_type=\"column\" data-e-type=\"column\" data-settings=\"{&quot;background_background&quot;:&quot;classic&quot;}\">\n\t\t\t<div class=\"elementor-widget-wrap elementor-element-populated\">\n\t\t\t\t\t<div class=\"elementor-background-overlay\"><\/div>\n\t\t\t\t\t\t<section class=\"elementor-section elementor-inner-section elementor-element elementor-element-e71ff90 elementor-section-height-min-height elementor-section-content-space-between elementor-section-boxed elementor-section-height-default\" data-id=\"e71ff90\" data-element_type=\"section\" data-e-type=\"section\">\n\t\t\t\t\t\t<div class=\"elementor-container elementor-column-gap-default\">\n\t\t\t\t\t<div class=\"elementor-column elementor-col-100 elementor-inner-column elementor-element elementor-element-a7a4d9f\" data-id=\"a7a4d9f\" data-element_type=\"column\" data-e-type=\"column\">\n\t\t\t<div class=\"elementor-widget-wrap elementor-element-populated\">\n\t\t\t\t\t\t<section class=\"elementor-section elementor-inner-section elementor-element elementor-element-05e85b3 elementor-section-boxed elementor-section-height-default elementor-section-height-default\" data-id=\"05e85b3\" data-element_type=\"section\" data-e-type=\"section\">\n\t\t\t\t\t\t<div class=\"elementor-container elementor-column-gap-default\">\n\t\t\t\t\t<div class=\"elementor-column elementor-col-100 elementor-inner-column elementor-element elementor-element-070a880\" data-id=\"070a880\" data-element_type=\"column\" data-e-type=\"column\">\n\t\t\t<div class=\"elementor-widget-wrap elementor-element-populated\">\n\t\t\t\t\t\t<div class=\"elementor-element elementor-element-2318d5f elementor-widget elementor-widget-spacer\" data-id=\"2318d5f\" data-element_type=\"widget\" data-e-type=\"widget\" data-widget_type=\"spacer.default\">\n\t\t\t\t<div class=\"elementor-widget-container\">\n\t\t\t\t\t\t\t<div class=\"elementor-spacer\">\n\t\t\t<div class=\"elementor-spacer-inner\"><\/div>\n\t\t<\/div>\n\t\t\t\t\t\t<\/div>\n\t\t\t\t<\/div>\n\t\t\t\t<div class=\"elementor-element elementor-element-fb6ae77 elementor-widget elementor-widget-heading\" data-id=\"fb6ae77\" data-element_type=\"widget\" data-e-type=\"widget\" data-widget_type=\"heading.default\">\n\t\t\t\t<div class=\"elementor-widget-container\">\n\t\t\t\t\t<h2 class=\"elementor-heading-title elementor-size-default\">Passeios no Atacama<\/h2>\t\t\t\t<\/div>\n\t\t\t\t<\/div>\n\t\t\t\t\t<\/div>\n\t\t<\/div>\n\t\t\t\t\t<\/div>\n\t\t<\/section>\n\t\t\t\t<div class=\"elementor-element elementor-element-0ab3027 elementor-align-center elementor-widget-mobile__width-initial elementor-widget elementor-widget-button\" data-id=\"0ab3027\" data-element_type=\"widget\" data-e-type=\"widget\" data-widget_type=\"button.default\">\n\t\t\t\t<div class=\"elementor-widget-container\">\n\t\t\t\t\t\t\t\t\t<div class=\"elementor-button-wrapper\">\n\t\t\t\t\t<a class=\"elementor-button elementor-button-link elementor-size-sm\" href=\"https:\/\/caminandesagencia.simediadigital.com\/pt-br\/inicio\/\">\n\t\t\t\t\t\t<span class=\"elementor-button-content-wrapper\">\n\t\t\t\t\t\t\t\t\t<span class=\"elementor-button-text\">VEJA MAIS<\/span>\n\t\t\t\t\t<\/span>\n\t\t\t\t\t<\/a>\n\t\t\t\t<\/div>\n\t\t\t\t\t\t\t\t<\/div>\n\t\t\t\t<\/div>\n\t\t\t\t<section class=\"elementor-section elementor-inner-section elementor-element elementor-element-a175cd2 elementor-section-boxed elementor-section-height-default elementor-section-height-default\" data-id=\"a175cd2\" data-element_type=\"section\" data-e-type=\"section\">\n\t\t\t\t\t\t<div class=\"elementor-container elementor-column-gap-default\">\n\t\t\t\t\t<div class=\"elementor-column elementor-col-100 elementor-inner-column elementor-element elementor-element-c3006c9\" data-id=\"c3006c9\" data-element_type=\"column\" data-e-type=\"column\">\n\t\t\t<div class=\"elementor-widget-wrap\">\n\t\t\t\t\t\t\t<\/div>\n\t\t<\/div>\n\t\t\t\t\t<\/div>\n\t\t<\/section>\n\t\t\t\t\t<\/div>\n\t\t<\/div>\n\t\t\t\t\t<\/div>\n\t\t<\/section>\n\t\t\t\t<section class=\"elementor-section elementor-inner-section elementor-element elementor-element-18b383f elementor-section-boxed elementor-section-height-default elementor-section-height-default\" data-id=\"18b383f\" data-element_type=\"section\" data-e-type=\"section\">\n\t\t\t\t\t\t<div class=\"elementor-container elementor-column-gap-default\">\n\t\t\t\t\t<div class=\"elementor-column elementor-col-100 elementor-inner-column elementor-element elementor-element-47aee34\" data-id=\"47aee34\" data-element_type=\"column\" data-e-type=\"column\">\n\t\t\t<div class=\"elementor-widget-wrap elementor-element-populated\">\n\t\t\t\t\t\t<div class=\"elementor-element elementor-element-7155c45 elementor-widget elementor-widget-spacer\" data-id=\"7155c45\" data-element_type=\"widget\" data-e-type=\"widget\" data-widget_type=\"spacer.default\">\n\t\t\t\t<div class=\"elementor-widget-container\">\n\t\t\t\t\t\t\t<div class=\"elementor-spacer\">\n\t\t\t<div class=\"elementor-spacer-inner\"><\/div>\n\t\t<\/div>\n\t\t\t\t\t\t<\/div>\n\t\t\t\t<\/div>\n\t\t\t\t\t<\/div>\n\t\t<\/div>\n\t\t\t\t\t<\/div>\n\t\t<\/section>\n\t\t\t\t\t<\/div>\n\t\t<\/div>\n\t\t\t\t\t<\/div>\n\t\t<\/section>\n\t\t\t\t<\/div>\n\t\t","protected":false},"excerpt":{"rendered":"<p>Passeios em Santiago VEJA MAIS Passeios no Atacama VEJA MAIS<\/p>\n","protected":false},"author":12,"featured_media":0,"parent":0,"menu_order":0,"comment_status":"closed","ping_status":"closed","template":"elementor_header_footer","meta":{"_acf_changed":false,"content-type":"","_joinchat":[],"footnotes":""},"class_list":["post-5737","page","type-page","status-publish"],"acf":[],"yoast_head":"<!-- This site is optimized with the Yoast SEO plugin v27.6 - https:\/\/yoast.com\/product\/yoast-seo-wordpress\/ -->\n<title>Home - Excurs\u00f5es no Chile - Caminandes, a aventura da sua vida<\/title>\n<meta name=\"description\" content=\"Desfrute de passeios privados e semiprivados no Chile, com refei\u00e7\u00f5es inclu\u00eddas e guias tur\u00edsticos profissionais em Santiago e Atacama.\" \/>\n<meta name=\"robots\" content=\"index, follow, max-snippet:-1, max-image-preview:large, max-video-preview:-1\" \/>\n<link rel=\"canonical\" href=\"https:\/\/caminandesagencia.simediadigital.com\/pt-br\/\" \/>\n<meta property=\"og:locale\" content=\"pt_BR\" \/>\n<meta property=\"og:type\" content=\"article\" \/>\n<meta property=\"og:title\" content=\"Home - Excurs\u00f5es no Chile - Caminandes, a aventura da sua vida\" \/>\n<meta property=\"og:description\" content=\"Desfrute de passeios privados e semiprivados no Chile, com refei\u00e7\u00f5es inclu\u00eddas e guias tur\u00edsticos profissionais em Santiago e Atacama.\" \/>\n<meta property=\"og:url\" content=\"https:\/\/caminandesagencia.simediadigital.com\/pt-br\/\" \/>\n<meta property=\"og:site_name\" content=\"Caminandes\" \/>\n<meta property=\"article:modified_time\" content=\"2024-12-06T15:38:58+00:00\" \/>\n<meta name=\"twitter:card\" content=\"summary_large_image\" \/>\n<meta name=\"twitter:label1\" content=\"Est. tempo de leitura\" \/>\n\t<meta name=\"twitter:data1\" content=\"1 minuto\" \/>\n<script type=\"application\/ld+json\" class=\"yoast-schema-graph\">{\"@context\":\"https:\\\/\\\/schema.org\",\"@graph\":[{\"@type\":\"WebPage\",\"@id\":\"https:\\\/\\\/caminandesagencia.simediadigital.com\\\/pt-br\\\/\",\"url\":\"https:\\\/\\\/caminandesagencia.simediadigital.com\\\/pt-br\\\/\",\"name\":\"Home - Excurs\u00f5es no Chile - Caminandes, a aventura da sua vida\",\"isPartOf\":{\"@id\":\"https:\\\/\\\/caminandesagencia.simediadigital.com\\\/#website\"},\"datePublished\":\"2024-08-26T16:04:04+00:00\",\"dateModified\":\"2024-12-06T15:38:58+00:00\",\"description\":\"Desfrute de passeios privados e semiprivados no Chile, com refei\u00e7\u00f5es inclu\u00eddas e guias tur\u00edsticos profissionais em Santiago e Atacama.\",\"breadcrumb\":{\"@id\":\"https:\\\/\\\/caminandesagencia.simediadigital.com\\\/pt-br\\\/#breadcrumb\"},\"inLanguage\":\"pt-BR\",\"potentialAction\":[{\"@type\":\"ReadAction\",\"target\":[\"https:\\\/\\\/caminandesagencia.simediadigital.com\\\/pt-br\\\/\"]}]},{\"@type\":\"BreadcrumbList\",\"@id\":\"https:\\\/\\\/caminandesagencia.simediadigital.com\\\/pt-br\\\/#breadcrumb\",\"itemListElement\":[{\"@type\":\"ListItem\",\"position\":1,\"name\":\"Portada\",\"item\":\"https:\\\/\\\/caminandesagencia.simediadigital.com\\\/pt-br\\\/\"},{\"@type\":\"ListItem\",\"position\":2,\"name\":\"In\u00edcio\"}]},{\"@type\":\"WebSite\",\"@id\":\"https:\\\/\\\/caminandesagencia.simediadigital.com\\\/#website\",\"url\":\"https:\\\/\\\/caminandesagencia.simediadigital.com\\\/\",\"name\":\"Caminandes\",\"description\":\"Agencia tur\u00edstica\",\"publisher\":{\"@id\":\"https:\\\/\\\/caminandesagencia.simediadigital.com\\\/#organization\"},\"potentialAction\":[{\"@type\":\"SearchAction\",\"target\":{\"@type\":\"EntryPoint\",\"urlTemplate\":\"https:\\\/\\\/caminandesagencia.simediadigital.com\\\/?s={search_term_string}\"},\"query-input\":{\"@type\":\"PropertyValueSpecification\",\"valueRequired\":true,\"valueName\":\"search_term_string\"}}],\"inLanguage\":\"pt-BR\"},{\"@type\":\"Organization\",\"@id\":\"https:\\\/\\\/caminandesagencia.simediadigital.com\\\/#organization\",\"name\":\"Caminandes\",\"url\":\"https:\\\/\\\/caminandesagencia.simediadigital.com\\\/\",\"logo\":{\"@type\":\"ImageObject\",\"inLanguage\":\"pt-BR\",\"@id\":\"https:\\\/\\\/caminandesagencia.simediadigital.com\\\/#\\\/schema\\\/logo\\\/image\\\/\",\"url\":\"https:\\\/\\\/caminandesagencia.simediadigital.com\\\/wp-content\\\/uploads\\\/2023\\\/05\\\/en-e1731432722809.png\",\"contentUrl\":\"https:\\\/\\\/caminandesagencia.simediadigital.com\\\/wp-content\\\/uploads\\\/2023\\\/05\\\/en-e1731432722809.png\",\"width\":1791,\"height\":693,\"caption\":\"Caminandes\"},\"image\":{\"@id\":\"https:\\\/\\\/caminandesagencia.simediadigital.com\\\/#\\\/schema\\\/logo\\\/image\\\/\"}}]}<\/script>\n<!-- \/ Yoast SEO plugin. -->","yoast_head_json":{"title":"Home - Excurs\u00f5es no Chile - Caminandes, a aventura da sua vida","description":"Desfrute de passeios privados e semiprivados no Chile, com refei\u00e7\u00f5es inclu\u00eddas e guias tur\u00edsticos profissionais em Santiago e Atacama.","robots":{"index":"index","follow":"follow","max-snippet":"max-snippet:-1","max-image-preview":"max-image-preview:large","max-video-preview":"max-video-preview:-1"},"canonical":"https:\/\/caminandesagencia.simediadigital.com\/pt-br\/","og_locale":"pt_BR","og_type":"article","og_title":"Home - Excurs\u00f5es no Chile - Caminandes, a aventura da sua vida","og_description":"Desfrute de passeios privados e semiprivados no Chile, com refei\u00e7\u00f5es inclu\u00eddas e guias tur\u00edsticos profissionais em Santiago e Atacama.","og_url":"https:\/\/caminandesagencia.simediadigital.com\/pt-br\/","og_site_name":"Caminandes","article_modified_time":"2024-12-06T15:38:58+00:00","twitter_card":"summary_large_image","twitter_misc":{"Est. tempo de leitura":"1 minuto"},"schema":{"@context":"https:\/\/schema.org","@graph":[{"@type":"WebPage","@id":"https:\/\/caminandesagencia.simediadigital.com\/pt-br\/","url":"https:\/\/caminandesagencia.simediadigital.com\/pt-br\/","name":"Home - Excurs\u00f5es no Chile - Caminandes, a aventura da sua vida","isPartOf":{"@id":"https:\/\/caminandesagencia.simediadigital.com\/#website"},"datePublished":"2024-08-26T16:04:04+00:00","dateModified":"2024-12-06T15:38:58+00:00","description":"Desfrute de passeios privados e semiprivados no Chile, com refei\u00e7\u00f5es inclu\u00eddas e guias tur\u00edsticos profissionais em Santiago e Atacama.","breadcrumb":{"@id":"https:\/\/caminandesagencia.simediadigital.com\/pt-br\/#breadcrumb"},"inLanguage":"pt-BR","potentialAction":[{"@type":"ReadAction","target":["https:\/\/caminandesagencia.simediadigital.com\/pt-br\/"]}]},{"@type":"BreadcrumbList","@id":"https:\/\/caminandesagencia.simediadigital.com\/pt-br\/#breadcrumb","itemListElement":[{"@type":"ListItem","position":1,"name":"Portada","item":"https:\/\/caminandesagencia.simediadigital.com\/pt-br\/"},{"@type":"ListItem","position":2,"name":"In\u00edcio"}]},{"@type":"WebSite","@id":"https:\/\/caminandesagencia.simediadigital.com\/#website","url":"https:\/\/caminandesagencia.simediadigital.com\/","name":"Caminandes","description":"Agencia tur\u00edstica","publisher":{"@id":"https:\/\/caminandesagencia.simediadigital.com\/#organization"},"potentialAction":[{"@type":"SearchAction","target":{"@type":"EntryPoint","urlTemplate":"https:\/\/caminandesagencia.simediadigital.com\/?s={search_term_string}"},"query-input":{"@type":"PropertyValueSpecification","valueRequired":true,"valueName":"search_term_string"}}],"inLanguage":"pt-BR"},{"@type":"Organization","@id":"https:\/\/caminandesagencia.simediadigital.com\/#organization","name":"Caminandes","url":"https:\/\/caminandesagencia.simediadigital.com\/","logo":{"@type":"ImageObject","inLanguage":"pt-BR","@id":"https:\/\/caminandesagencia.simediadigital.com\/#\/schema\/logo\/image\/","url":"https:\/\/caminandesagencia.simediadigital.com\/wp-content\/uploads\/2023\/05\/en-e1731432722809.png","contentUrl":"https:\/\/caminandesagencia.simediadigital.com\/wp-content\/uploads\/2023\/05\/en-e1731432722809.png","width":1791,"height":693,"caption":"Caminandes"},"image":{"@id":"https:\/\/caminandesagencia.simediadigital.com\/#\/schema\/logo\/image\/"}}]}},"_links":{"self":[{"href":"https:\/\/caminandesagencia.simediadigital.com\/pt-br\/wp-json\/wp\/v2\/pages\/5737","targetHints":{"allow":["GET"]}}],"collection":[{"href":"https:\/\/caminandesagencia.simediadigital.com\/pt-br\/wp-json\/wp\/v2\/pages"}],"about":[{"href":"https:\/\/caminandesagencia.simediadigital.com\/pt-br\/wp-json\/wp\/v2\/types\/page"}],"author":[{"embeddable":true,"href":"https:\/\/caminandesagencia.simediadigital.com\/pt-br\/wp-json\/wp\/v2\/users\/12"}],"replies":[{"embeddable":true,"href":"https:\/\/caminandesagencia.simediadigital.com\/pt-br\/wp-json\/wp\/v2\/comments?post=5737"}],"version-history":[{"count":4,"href":"https:\/\/caminandesagencia.simediadigital.com\/pt-br\/wp-json\/wp\/v2\/pages\/5737\/revisions"}],"predecessor-version":[{"id":6061,"href":"https:\/\/caminandesagencia.simediadigital.com\/pt-br\/wp-json\/wp\/v2\/pages\/5737\/revisions\/6061"}],"wp:attachment":[{"href":"https:\/\/caminandesagencia.simediadigital.com\/pt-br\/wp-json\/wp\/v2\/media?parent=5737"}],"curies":[{"name":"wp","href":"https:\/\/api.w.org\/{rel}","templated":true}]}}