{"id":2531,"date":"2023-05-31T21:52:57","date_gmt":"2023-05-31T21:52:57","guid":{"rendered":"https:\/\/caminandesagencia.com\/producto\/subida-do-cerro-toco\/"},"modified":"2024-01-05T17:53:47","modified_gmt":"2024-01-05T17:53:47","slug":"subida-do-cerro-toco","status":"publish","type":"product","link":"https:\/\/caminandesagencia.simediadigital.com\/pt-br\/producto\/subida-do-cerro-toco\/","title":{"rendered":"Excurs\u00e3o com subida do Cerro Toco"},"content":{"rendered":"<p><span style=\"font-weight: 400;\">Embarque em uma das caminhadas de altitude mais emblem\u00e1ticas que San Pedro de Atacama tem a oferecer! O Cerro Toco, com sua presen\u00e7a desafiadora, representa uma excelente oportunidade para aqueles que desejam mergulhar no mundo do montanhismo ou do turismo de aventura. <\/span><b>para montanhistas experientes que buscam aclimata\u00e7\u00e3o para desafios maiores.<\/b><span style=\"font-weight: 400;\">.<\/span><\/p>\n<p><span style=\"font-weight: 400;\">Embora possa parecer um desafio \u00e1rduo, o Cerro Toco \u00e9 a porta de entrada perfeita para quem quer descobrir as majestosas alturas da cordilheira. Uma excelente oportunidade a n\u00e3o perder!<\/span><\/p>\n<h2><b>Itiner\u00e1rio de aventura no Cerro Toco<\/b><\/h2>\n<p><b>N\u00f3s o buscaremos \u00e0s 7h.<\/b><span style=\"font-weight: 400;\"> para iniciar a jornada. Quando todos estiverem a bordo, dirigiremos pela imponente Rota 27-CH. Mas antes de subir a montanha, faremos uma breve parada no mirante dos irm\u00e3os Licancabur e Juriques.<\/span><\/p>\n<p><span style=\"font-weight: 400;\">Em seguida, seguiremos em dire\u00e7\u00e3o \u00e0 base do Cerro Toco, onde o ve\u00edculo far\u00e1 uma pausa a uma altitude de<\/span> <span style=\"font-weight: 400;\">5.250 ms. n. m. Com energia renovada, a subida come\u00e7ar\u00e1. <\/span><b>Essa subida pode levar de duas a tr\u00eas horas.<\/b><span style=\"font-weight: 400;\"> dependendo do ritmo do grupo e culminar\u00e1 com a satisfa\u00e7\u00e3o de ter alcan\u00e7ado o cume! No entanto, a aventura n\u00e3o termina aqui, pois a descida levar\u00e1 aproximadamente mais uma hora, o que nos permitir\u00e1 retornar a San Pedro de Atacama \u00e0s 14:00.<\/span><\/p>\n<p><span style=\"font-weight: 400;\">Embora a diferen\u00e7a de altitude seja de cerca de quatrocentos metros, n\u00e3o se deixe enganar: <\/span><b>Essa \u00e9 uma trilha ideal para iniciantes no montanhismo e tamb\u00e9m para aqueles que est\u00e3o procurando se aclimatar para a subida de vulc\u00f5es maiores.<\/b><\/p>\n<h2><b>Recomenda\u00e7\u00f5es para a subida<\/b><\/h2>\n<p><span style=\"font-weight: 400;\">A prepara\u00e7\u00e3o \u00e9 essencial para aproveitar ao m\u00e1ximo essa experi\u00eancia! Sugerimos que voc\u00ea use roupas quentes, pois as temperaturas podem ser frias em altitudes elevadas, sapatos e botas, e uma jaqueta. <\/span><i><br \/>\n<span style=\"font-weight: 400;\">trekking <\/span><br \/>\n<\/i><span style=\"font-weight: 400;\">que lhe d\u00eaem apoio e tra\u00e7\u00e3o, protetor solar para proteg\u00ea-lo do sol intenso e, \u00e9 claro, <\/span><b>pelo menos dois litros de \u00e1gua<\/b><span style=\"font-weight: 400;\"> para mant\u00ea-lo hidratado durante a escalada.<\/span><\/p>\n<p><span style=\"font-weight: 400;\">Se voc\u00ea tiver d\u00favidas sobre o itiner\u00e1rio,<\/span> <a href=\"https:\/\/caminandesagencia.simediadigital.com\/que-llevar-para-hacer-trekking\/\"><br \/>\n<b>o que levar para <\/b><br \/>\n<b><br \/>\n<i>trekking<\/i><br \/>\n<\/b><br \/>\n<\/a> <span style=\"font-weight: 400;\">e at\u00e9 mesmo sobre o<\/span> <a href=\"https:\/\/caminandesagencia.simediadigital.com\/clima-san-pedro-de-atacama\/\"><br \/>\n<b>clima em San Pedro de Atacama<\/b><br \/>\n<\/a><span style=\"font-weight: 400;\">N\u00e3o hesite em entrar em contato conosco! O que est\u00e1 esperando para mergulhar na magia do montanhismo?<\/span><\/p>\n","protected":false},"excerpt":{"rendered":"<p>Embarque em uma das caminhadas de altitude mais emblem\u00e1ticas que San Pedro de Atacama tem a oferecer! O Cerro Toco, com sua presen\u00e7a desafiadora, representa uma excelente oportunidade para aqueles que desejam mergulhar no mundo do montanhismo ou do turismo de aventura. para montanhistas experientes que buscam aclimata\u00e7\u00e3o para desafios maiores.. Embora possa parecer um &#8230; <a title=\"Excurs\u00e3o com subida do Cerro Toco\" class=\"read-more\" href=\"https:\/\/caminandesagencia.simediadigital.com\/pt-br\/producto\/subida-do-cerro-toco\/\" aria-label=\"Read more about Excurs\u00e3o com subida do Cerro Toco\">Ler mais<\/a><\/p>\n","protected":false},"featured_media":1530,"comment_status":"open","ping_status":"closed","template":"","meta":{"_acf_changed":false,"content-type":"","_joinchat":[]},"product_brand":[],"product_cat":[75],"product_tag":[],"class_list":{"0":"post-2531","1":"product","2":"type-product","3":"status-publish","4":"has-post-thumbnail","6":"product_cat-escalada-de-montanhas-e-vulcoes","8":"first","9":"instock","10":"virtual","11":"product-type-simple"},"acf":[],"yoast_head":"<!-- This site is optimized with the Yoast SEO plugin v27.6 - https:\/\/yoast.com\/product\/yoast-seo-wordpress\/ -->\n<title>Subida ao Cerro Toco - CaminAndes Chile<\/title>\n<meta name=\"description\" content=\"Prepare-se para uma experi\u00eancia \u00fanica e completa com nossa subida ao Cerro Toco! Inclui alimenta\u00e7\u00e3o e equipamentos de trekking. Agenda aqui!\" \/>\n<meta name=\"robots\" content=\"index, follow, max-snippet:-1, max-image-preview:large, max-video-preview:-1\" \/>\n<link rel=\"canonical\" href=\"https:\/\/caminandesagencia.simediadigital.com\/pt-br\/producto\/subida-do-cerro-toco\/\" \/>\n<meta property=\"og:locale\" content=\"pt_BR\" \/>\n<meta property=\"og:type\" content=\"article\" \/>\n<meta property=\"og:title\" content=\"Subida ao Cerro Toco - CaminAndes Chile\" \/>\n<meta property=\"og:description\" content=\"Prepare-se para uma experi\u00eancia \u00fanica e completa com nossa subida ao Cerro Toco! Inclui alimenta\u00e7\u00e3o e equipamentos de trekking. Agenda aqui!\" \/>\n<meta property=\"og:url\" content=\"https:\/\/caminandesagencia.simediadigital.com\/pt-br\/producto\/subida-do-cerro-toco\/\" \/>\n<meta property=\"og:site_name\" content=\"Caminandes\" \/>\n<meta property=\"article:modified_time\" content=\"2024-01-05T17:53:47+00:00\" \/>\n<meta property=\"og:image\" content=\"https:\/\/caminandesagencia.simediadigital.com\/wp-content\/uploads\/2023\/05\/IMG_20200106_101351-scaled.jpg\" \/>\n\t<meta property=\"og:image:width\" content=\"2560\" \/>\n\t<meta property=\"og:image:height\" content=\"1920\" \/>\n\t<meta property=\"og:image:type\" content=\"image\/jpeg\" \/>\n<meta name=\"twitter:card\" content=\"summary_large_image\" \/>\n<meta name=\"twitter:label1\" content=\"Est. tempo de leitura\" \/>\n\t<meta name=\"twitter:data1\" content=\"2 minutos\" \/>\n<script type=\"application\/ld+json\" class=\"yoast-schema-graph\">{\"@context\":\"https:\\\/\\\/schema.org\",\"@graph\":[{\"@type\":\"WebPage\",\"@id\":\"https:\\\/\\\/caminandesagencia.simediadigital.com\\\/pt-br\\\/producto\\\/subida-do-cerro-toco\\\/\",\"url\":\"https:\\\/\\\/caminandesagencia.simediadigital.com\\\/pt-br\\\/producto\\\/subida-do-cerro-toco\\\/\",\"name\":\"Subida ao Cerro Toco - CaminAndes Chile\",\"isPartOf\":{\"@id\":\"https:\\\/\\\/caminandesagencia.simediadigital.com\\\/#website\"},\"primaryImageOfPage\":{\"@id\":\"https:\\\/\\\/caminandesagencia.simediadigital.com\\\/pt-br\\\/producto\\\/subida-do-cerro-toco\\\/#primaryimage\"},\"image\":{\"@id\":\"https:\\\/\\\/caminandesagencia.simediadigital.com\\\/pt-br\\\/producto\\\/subida-do-cerro-toco\\\/#primaryimage\"},\"thumbnailUrl\":\"https:\\\/\\\/caminandesagencia.simediadigital.com\\\/wp-content\\\/uploads\\\/2023\\\/05\\\/IMG_20200106_101351-scaled.jpg\",\"datePublished\":\"2023-05-31T21:52:57+00:00\",\"dateModified\":\"2024-01-05T17:53:47+00:00\",\"description\":\"Prepare-se para uma experi\u00eancia \u00fanica e completa com nossa subida ao Cerro Toco! Inclui alimenta\u00e7\u00e3o e equipamentos de trekking. Agenda aqui!\",\"breadcrumb\":{\"@id\":\"https:\\\/\\\/caminandesagencia.simediadigital.com\\\/pt-br\\\/producto\\\/subida-do-cerro-toco\\\/#breadcrumb\"},\"inLanguage\":\"pt-BR\",\"potentialAction\":[{\"@type\":\"ReadAction\",\"target\":[\"https:\\\/\\\/caminandesagencia.simediadigital.com\\\/pt-br\\\/producto\\\/subida-do-cerro-toco\\\/\"]}]},{\"@type\":\"ImageObject\",\"inLanguage\":\"pt-BR\",\"@id\":\"https:\\\/\\\/caminandesagencia.simediadigital.com\\\/pt-br\\\/producto\\\/subida-do-cerro-toco\\\/#primaryimage\",\"url\":\"https:\\\/\\\/caminandesagencia.simediadigital.com\\\/wp-content\\\/uploads\\\/2023\\\/05\\\/IMG_20200106_101351-scaled.jpg\",\"contentUrl\":\"https:\\\/\\\/caminandesagencia.simediadigital.com\\\/wp-content\\\/uploads\\\/2023\\\/05\\\/IMG_20200106_101351-scaled.jpg\",\"width\":2560,\"height\":1920},{\"@type\":\"BreadcrumbList\",\"@id\":\"https:\\\/\\\/caminandesagencia.simediadigital.com\\\/pt-br\\\/producto\\\/subida-do-cerro-toco\\\/#breadcrumb\",\"itemListElement\":[{\"@type\":\"ListItem\",\"position\":1,\"name\":\"Portada\",\"item\":\"https:\\\/\\\/caminandesagencia.simediadigital.com\\\/pt-br\\\/\"},{\"@type\":\"ListItem\",\"position\":2,\"name\":\"Tienda\",\"item\":\"https:\\\/\\\/caminandesagencia.simediadigital.com\\\/tienda\\\/\"},{\"@type\":\"ListItem\",\"position\":3,\"name\":\"Excurs\u00e3o com subida do Cerro Toco\"}]},{\"@type\":\"WebSite\",\"@id\":\"https:\\\/\\\/caminandesagencia.simediadigital.com\\\/#website\",\"url\":\"https:\\\/\\\/caminandesagencia.simediadigital.com\\\/\",\"name\":\"Caminandes\",\"description\":\"Agencia tur\u00edstica\",\"publisher\":{\"@id\":\"https:\\\/\\\/caminandesagencia.simediadigital.com\\\/#organization\"},\"potentialAction\":[{\"@type\":\"SearchAction\",\"target\":{\"@type\":\"EntryPoint\",\"urlTemplate\":\"https:\\\/\\\/caminandesagencia.simediadigital.com\\\/?s={search_term_string}\"},\"query-input\":{\"@type\":\"PropertyValueSpecification\",\"valueRequired\":true,\"valueName\":\"search_term_string\"}}],\"inLanguage\":\"pt-BR\"},{\"@type\":\"Organization\",\"@id\":\"https:\\\/\\\/caminandesagencia.simediadigital.com\\\/#organization\",\"name\":\"Caminandes\",\"url\":\"https:\\\/\\\/caminandesagencia.simediadigital.com\\\/\",\"logo\":{\"@type\":\"ImageObject\",\"inLanguage\":\"pt-BR\",\"@id\":\"https:\\\/\\\/caminandesagencia.simediadigital.com\\\/#\\\/schema\\\/logo\\\/image\\\/\",\"url\":\"https:\\\/\\\/caminandesagencia.simediadigital.com\\\/wp-content\\\/uploads\\\/2023\\\/05\\\/en-e1731432722809.png\",\"contentUrl\":\"https:\\\/\\\/caminandesagencia.simediadigital.com\\\/wp-content\\\/uploads\\\/2023\\\/05\\\/en-e1731432722809.png\",\"width\":1791,\"height\":693,\"caption\":\"Caminandes\"},\"image\":{\"@id\":\"https:\\\/\\\/caminandesagencia.simediadigital.com\\\/#\\\/schema\\\/logo\\\/image\\\/\"}}]}<\/script>\n<!-- \/ Yoast SEO plugin. -->","yoast_head_json":{"title":"Subida ao Cerro Toco - CaminAndes Chile","description":"Prepare-se para uma experi\u00eancia \u00fanica e completa com nossa subida ao Cerro Toco! Inclui alimenta\u00e7\u00e3o e equipamentos de trekking. Agenda aqui!","robots":{"index":"index","follow":"follow","max-snippet":"max-snippet:-1","max-image-preview":"max-image-preview:large","max-video-preview":"max-video-preview:-1"},"canonical":"https:\/\/caminandesagencia.simediadigital.com\/pt-br\/producto\/subida-do-cerro-toco\/","og_locale":"pt_BR","og_type":"article","og_title":"Subida ao Cerro Toco - CaminAndes Chile","og_description":"Prepare-se para uma experi\u00eancia \u00fanica e completa com nossa subida ao Cerro Toco! Inclui alimenta\u00e7\u00e3o e equipamentos de trekking. Agenda aqui!","og_url":"https:\/\/caminandesagencia.simediadigital.com\/pt-br\/producto\/subida-do-cerro-toco\/","og_site_name":"Caminandes","article_modified_time":"2024-01-05T17:53:47+00:00","og_image":[{"width":2560,"height":1920,"url":"https:\/\/caminandesagencia.simediadigital.com\/wp-content\/uploads\/2023\/05\/IMG_20200106_101351-scaled.jpg","type":"image\/jpeg"}],"twitter_card":"summary_large_image","twitter_misc":{"Est. tempo de leitura":"2 minutos"},"schema":{"@context":"https:\/\/schema.org","@graph":[{"@type":"WebPage","@id":"https:\/\/caminandesagencia.simediadigital.com\/pt-br\/producto\/subida-do-cerro-toco\/","url":"https:\/\/caminandesagencia.simediadigital.com\/pt-br\/producto\/subida-do-cerro-toco\/","name":"Subida ao Cerro Toco - CaminAndes Chile","isPartOf":{"@id":"https:\/\/caminandesagencia.simediadigital.com\/#website"},"primaryImageOfPage":{"@id":"https:\/\/caminandesagencia.simediadigital.com\/pt-br\/producto\/subida-do-cerro-toco\/#primaryimage"},"image":{"@id":"https:\/\/caminandesagencia.simediadigital.com\/pt-br\/producto\/subida-do-cerro-toco\/#primaryimage"},"thumbnailUrl":"https:\/\/caminandesagencia.simediadigital.com\/wp-content\/uploads\/2023\/05\/IMG_20200106_101351-scaled.jpg","datePublished":"2023-05-31T21:52:57+00:00","dateModified":"2024-01-05T17:53:47+00:00","description":"Prepare-se para uma experi\u00eancia \u00fanica e completa com nossa subida ao Cerro Toco! Inclui alimenta\u00e7\u00e3o e equipamentos de trekking. Agenda aqui!","breadcrumb":{"@id":"https:\/\/caminandesagencia.simediadigital.com\/pt-br\/producto\/subida-do-cerro-toco\/#breadcrumb"},"inLanguage":"pt-BR","potentialAction":[{"@type":"ReadAction","target":["https:\/\/caminandesagencia.simediadigital.com\/pt-br\/producto\/subida-do-cerro-toco\/"]}]},{"@type":"ImageObject","inLanguage":"pt-BR","@id":"https:\/\/caminandesagencia.simediadigital.com\/pt-br\/producto\/subida-do-cerro-toco\/#primaryimage","url":"https:\/\/caminandesagencia.simediadigital.com\/wp-content\/uploads\/2023\/05\/IMG_20200106_101351-scaled.jpg","contentUrl":"https:\/\/caminandesagencia.simediadigital.com\/wp-content\/uploads\/2023\/05\/IMG_20200106_101351-scaled.jpg","width":2560,"height":1920},{"@type":"BreadcrumbList","@id":"https:\/\/caminandesagencia.simediadigital.com\/pt-br\/producto\/subida-do-cerro-toco\/#breadcrumb","itemListElement":[{"@type":"ListItem","position":1,"name":"Portada","item":"https:\/\/caminandesagencia.simediadigital.com\/pt-br\/"},{"@type":"ListItem","position":2,"name":"Tienda","item":"https:\/\/caminandesagencia.simediadigital.com\/tienda\/"},{"@type":"ListItem","position":3,"name":"Excurs\u00e3o com subida do Cerro Toco"}]},{"@type":"WebSite","@id":"https:\/\/caminandesagencia.simediadigital.com\/#website","url":"https:\/\/caminandesagencia.simediadigital.com\/","name":"Caminandes","description":"Agencia tur\u00edstica","publisher":{"@id":"https:\/\/caminandesagencia.simediadigital.com\/#organization"},"potentialAction":[{"@type":"SearchAction","target":{"@type":"EntryPoint","urlTemplate":"https:\/\/caminandesagencia.simediadigital.com\/?s={search_term_string}"},"query-input":{"@type":"PropertyValueSpecification","valueRequired":true,"valueName":"search_term_string"}}],"inLanguage":"pt-BR"},{"@type":"Organization","@id":"https:\/\/caminandesagencia.simediadigital.com\/#organization","name":"Caminandes","url":"https:\/\/caminandesagencia.simediadigital.com\/","logo":{"@type":"ImageObject","inLanguage":"pt-BR","@id":"https:\/\/caminandesagencia.simediadigital.com\/#\/schema\/logo\/image\/","url":"https:\/\/caminandesagencia.simediadigital.com\/wp-content\/uploads\/2023\/05\/en-e1731432722809.png","contentUrl":"https:\/\/caminandesagencia.simediadigital.com\/wp-content\/uploads\/2023\/05\/en-e1731432722809.png","width":1791,"height":693,"caption":"Caminandes"},"image":{"@id":"https:\/\/caminandesagencia.simediadigital.com\/#\/schema\/logo\/image\/"}}]}},"_links":{"self":[{"href":"https:\/\/caminandesagencia.simediadigital.com\/pt-br\/wp-json\/wp\/v2\/product\/2531","targetHints":{"allow":["GET"]}}],"collection":[{"href":"https:\/\/caminandesagencia.simediadigital.com\/pt-br\/wp-json\/wp\/v2\/product"}],"about":[{"href":"https:\/\/caminandesagencia.simediadigital.com\/pt-br\/wp-json\/wp\/v2\/types\/product"}],"replies":[{"embeddable":true,"href":"https:\/\/caminandesagencia.simediadigital.com\/pt-br\/wp-json\/wp\/v2\/comments?post=2531"}],"wp:featuredmedia":[{"embeddable":true,"href":"https:\/\/caminandesagencia.simediadigital.com\/pt-br\/wp-json\/wp\/v2\/media\/1530"}],"wp:attachment":[{"href":"https:\/\/caminandesagencia.simediadigital.com\/pt-br\/wp-json\/wp\/v2\/media?parent=2531"}],"wp:term":[{"taxonomy":"product_brand","embeddable":true,"href":"https:\/\/caminandesagencia.simediadigital.com\/pt-br\/wp-json\/wp\/v2\/product_brand?post=2531"},{"taxonomy":"product_cat","embeddable":true,"href":"https:\/\/caminandesagencia.simediadigital.com\/pt-br\/wp-json\/wp\/v2\/product_cat?post=2531"},{"taxonomy":"product_tag","embeddable":true,"href":"https:\/\/caminandesagencia.simediadigital.com\/pt-br\/wp-json\/wp\/v2\/product_tag?post=2531"}],"curies":[{"name":"wp","href":"https:\/\/api.w.org\/{rel}","templated":true}]}}